{"id":360,"date":"2023-02-11T11:05:47","date_gmt":"2023-02-11T10:05:47","guid":{"rendered":"https:\/\/www.boezbergergmbh.ch\/?page_id=360"},"modified":"2026-04-03T12:43:31","modified_gmt":"2026-04-03T10:43:31","slug":"home","status":"publish","type":"page","link":"https:\/\/www.boezbergergmbh.ch\/sr\/","title":{"rendered":"Home"},"content":{"rendered":"<section class=\"l-section wpb_row hide_on_default hide_on_laptops height_large with_img\"><div class=\"l-section-img\" role=\"img\" aria-label=\"\u0421\u043b\u0438\u043a\u0430\" data-img-width=\"1200\" data-img-height=\"1307\" style=\"background-image: url(https:\/\/www.boezbergergmbh.ch\/theewhuv\/2023\/02\/home-02-1.jpg);\"><\/div><div class=\"l-section-h i-cf\"><div class=\"g-cols vc_row via_grid cols_1 laptops-cols_inherit tablets-cols_inherit mobiles-cols_1 valign_top type_default stacking_default\"><div class=\"wpb_column vc_column_container\"><div class=\"vc_column-inner\"><div class=\"w-separator size_custom\" style=\"height:170px\"><\/div><\/div><\/div><\/div><\/div><\/section><section class=\"l-section wpb_row height_auto width_full\"><div class=\"l-section-h i-cf\"><div class=\"g-cols vc_row via_grid cols_2-1 laptops-cols_inherit tablets-cols_1 mobiles-cols_1 valign_top type_default stacking_default\" style=\"--columns-gap:0rem;\"><div class=\"wpb_column vc_column_container us_custom_66385c1b\"><div class=\"vc_column-inner\"><div class=\"w-separator size_huge\"><\/div><h6 class=\"w-text\"><span class=\"w-text-h\"><span class=\"w-text-value\">B\u00f6zberger VBM GmbH<\/span><\/span><\/h6><h1 class=\"w-text us_custom_064d3121\" id=\"title-home-2\"><span class=\"w-text-h\"><span class=\"w-text-value\">Va\u0161 li\u010dni partner<br \/>\nza osiguranje<\/span><\/span><\/h1><div class=\"g-cols wpb_row via_grid cols_3 laptops-cols_inherit tablets-cols_3 mobiles-cols_2 valign_top type_default stacking_default\" style=\"--columns-gap:2rem;\"><div class=\"wpb_column vc_column_container\"><div class=\"vc_column-inner\"><div class=\"w-counter us_custom_6130fcc9 has_text_color color_primary align_left animation_none has_font_size\" data-duration=\"2\" style=\"--w-counter-duration: 2s;\"><div class=\"w-counter-value\" aria-label=\"34'000\"><span class=\"w-counter-value-part final\" aria-hidden=\"true\">34'000<\/span><span class=\"w-counter-value-part hidden type_text\" aria-hidden=\"true\" data-final><\/span><span class=\"w-counter-value-part hidden type_number\" aria-hidden=\"true\" data-final=\"34&#039;000\">28'000<\/span><span class=\"w-counter-value-part hidden type_text\" aria-hidden=\"true\" data-final><\/span><\/div><h5 class=\"w-counter-title\">optimizovanih<br \/>\nosiguranja<\/h5><\/div><\/div><\/div><div class=\"wpb_column vc_column_container\"><div class=\"vc_column-inner\"><div class=\"w-counter us_custom_6130fcc9 has_text_color color_primary align_left animation_none has_font_size\" data-duration=\"2\" style=\"--w-counter-duration: 2s;\"><div class=\"w-counter-value\" aria-label=\"5'000\"><span class=\"w-counter-value-part final\" aria-hidden=\"true\">5'000<\/span><span class=\"w-counter-value-part hidden type_text\" aria-hidden=\"true\" data-final><\/span><span class=\"w-counter-value-part hidden type_number\" aria-hidden=\"true\" data-final=\"5&#039;000\">1'000<\/span><span class=\"w-counter-value-part hidden type_text\" aria-hidden=\"true\" data-final><\/span><\/div><h5 class=\"w-counter-title\">godi\u0161nja<br \/>\n\u0161tednja<\/h5><\/div><\/div><\/div><div class=\"wpb_column vc_column_container\"><div class=\"vc_column-inner\"><div class=\"w-counter us_custom_6130fcc9 has_text_color color_primary align_left animation_none has_font_size\" data-duration=\"2\" style=\"--w-counter-duration: 2s;\"><div class=\"w-counter-value\" aria-label=\"18\"><span class=\"w-counter-value-part final\" aria-hidden=\"true\">18<\/span><span class=\"w-counter-value-part hidden type_text\" aria-hidden=\"true\" data-final><\/span><span class=\"w-counter-value-part hidden type_number\" aria-hidden=\"true\" data-final=\"18\">1<\/span><span class=\"w-counter-value-part hidden type_text\" aria-hidden=\"true\" data-final><\/span><\/div><h5 class=\"w-counter-title\">godina sa vama<\/h5><\/div><\/div><\/div><\/div><div class=\"w-separator size_huge\"><\/div><div class=\"w-tabs layout_ver navwidth_30 navpos_left style_trendy switch_click has_scrolling remove_indents\" style=\"--sections-title-size:1.3rem\"><div class=\"w-tabs-list items_4 align_none\" style=\"font-weight:600;line-height:1rem;\"><div class=\"w-tabs-list-h\"><button class=\"w-tabs-item active\" aria-controls=\"content-l6ad\" aria-expanded=\"false\"><span class=\"w-tabs-item-title\">Zdravstvena osiguranja<\/span><\/button><button class=\"w-tabs-item\" aria-controls=\"content-c769\" aria-expanded=\"false\"><span class=\"w-tabs-item-title\">Auto osiguranje<\/span><\/button><button class=\"w-tabs-item\" aria-controls=\"content-j806\" aria-expanded=\"false\"><span class=\"w-tabs-item-title\">\u017divotno osiguranje<\/span><\/button><button class=\"w-tabs-item\" aria-controls=\"content-i894\" aria-expanded=\"false\"><span class=\"w-tabs-item-title\">Dodatno osiguranje<\/span><\/button><\/div><\/div><div class=\"w-tabs-sections titles-align_none icon_chevron cpos_right\"><div class=\"w-tabs-section active\" id=\"l6ad\"><button class=\"w-tabs-section-header active\" aria-controls=\"content-l6ad\" aria-expanded=\"true\"><h3 class=\"w-tabs-section-title\">Zdravstvena osiguranja<\/h3><div class=\"w-tabs-section-control\"><\/div><\/button><div  class=\"w-tabs-section-content us_custom_29f9693d\" id=\"content-l6ad\"><div class=\"w-tabs-section-content-h i-cf\"><div class=\"wpb_text_column us_custom_d89e4085\"><div class=\"wpb_wrapper\"><p>U Svajcarskoj je zdravstveno osiguranje obavezno i svaki stanovnik Svajcarske mora imati zdravstveno osiguranje. Kao vasa kontakt osoba za osiguranja mogu vam pomoci da izaberete odgovarajuce zdravstveno osiguranje,to ukljucuje savjete o razlicitim uslugama,tarifama,uslovima, odredbama ugovora i stojim klijentima na raspolaganju u vezi bilo kakvih pitanja ili problema.<\/p>\n<\/div><\/div><\/div><\/div><\/div><div class=\"w-tabs-section\" id=\"c769\"><button class=\"w-tabs-section-header\" aria-controls=\"content-c769\" aria-expanded=\"false\"><h3 class=\"w-tabs-section-title\">Auto osiguranje<\/h3><div class=\"w-tabs-section-control\"><\/div><\/button><div  class=\"w-tabs-section-content\" id=\"content-c769\"><div class=\"w-tabs-section-content-h i-cf\"><div class=\"wpb_text_column us_custom_d89e4085\"><div class=\"wpb_wrapper\"><p>Auto osiguranje nudi zastitu kod udesa,kradje i drugih steta nacinjenih na autu i trecim osobama. Kao vasa kontakt osoba za osiguranja mogu vam pomoci da izaberete odgovarajuce autoosiguranje,ne radi se samo o izboru prave osiguravajuce kuce nego o optimalnom izboru usluga osiguranja kao sto su osnovno,kasko i osiguranje putnika.<\/p>\n<\/div><\/div><\/div><\/div><\/div><div class=\"w-tabs-section\" id=\"j806\"><button class=\"w-tabs-section-header\" aria-controls=\"content-j806\" aria-expanded=\"false\"><h3 class=\"w-tabs-section-title\">\u017divotno osiguranje<\/h3><div class=\"w-tabs-section-control\"><\/div><\/button><div  class=\"w-tabs-section-content\" id=\"content-j806\"><div class=\"w-tabs-section-content-h i-cf\"><div class=\"wpb_text_column us_custom_d89e4085\"><div class=\"wpb_wrapper\"><p>Zivotno osiguranje u Svajcarskoj sluzi da obezbedi finansijsku sigurnost prezivelih izdrzavanih lica u slucaju smrti osiguranika ili da sluzi kao dodatna starosna rezerva. Kao vasa kontakt osoba za osiguranja mogu vam pomoci da izaberete odgovarajuce zivotno osiguranje,ne radi se samo o izboru prave osiguravajuce kuce nego o optimalnom izboru usluga osiguranja kao sto su naknade za smrtni slucaj ,osiguranje kapitala i invalidnosti.<\/p>\n<\/div><\/div><\/div><\/div><\/div><div class=\"w-tabs-section\" id=\"i894\"><button class=\"w-tabs-section-header\" aria-controls=\"content-i894\" aria-expanded=\"false\"><h3 class=\"w-tabs-section-title\">Dodatno osiguranje<\/h3><div class=\"w-tabs-section-control\"><\/div><\/button><div  class=\"w-tabs-section-content\" id=\"content-i894\"><div class=\"w-tabs-section-content-h i-cf\"><div class=\"wpb_text_column us_custom_d89e4085\"><div class=\"wpb_wrapper\"><p>Dodatno osiguranje dopunjuje usluge obaveznog zdravstvenog osiguranja i nude osiguranicima dodatne usluge kao sto su npr.slobodan izbor doktora,lecenje u inostranstvu i alternativne metode lecenja,transport pacijenata,troskovi naocala. Kao vasa kontakt osoba stojim vam vrlo rado na raspoaganju u slucaju bilo kakvih pitanja vezanim za dodatna osiguranja.<\/p>\n<\/div><\/div><\/div><\/div><\/div><\/div><\/div><div class=\"w-separator size_medium\"><\/div><h5 class=\"w-text us_custom_cd056bf8 has_text_color\"><a title=\"Dienstleistungen\" href=\"https:\/\/www.boezbergergmbh.ch\/sr\/dienstleistungen\/\" class=\"w-text-h\"><span class=\"w-text-value\">Prika\u017ei sve usluge<\/span><\/a><\/h5><\/div><\/div><div class=\"wpb_column vc_column_container us_custom_f1c37592 hide_on_tablets hide_on_mobiles has_bg_color\"><div class=\"vc_column-inner\"><\/div><\/div><\/div><\/div><\/section><section class=\"l-section wpb_row height_large width_full\"><div class=\"l-section-overlay\" style=\"background:var(--color-content-border)\"><\/div><div class=\"l-section-h i-cf\"><div class=\"g-cols vc_row via_grid cols_1-2 laptops-cols_inherit tablets-cols_inherit mobiles-cols_1 valign_top type_default stacking_default\"><div class=\"wpb_column vc_column_container\"><div class=\"vc_column-inner\"><div class=\"w-hwrapper valign_middle align_center\"><div class=\"w-image us_custom_8c562358 align_none\"><div class=\"w-image-h\"><img decoding=\"async\" width=\"1000\" height=\"1000\" src=\"https:\/\/www.boezbergergmbh.ch\/theewhuv\/2023\/03\/davor-mihajlovic2.jpg\" class=\"attachment-large size-large\" alt=\"\" loading=\"lazy\" srcset=\"https:\/\/www.boezbergergmbh.ch\/theewhuv\/2023\/03\/davor-mihajlovic2.jpg 1000w, https:\/\/www.boezbergergmbh.ch\/theewhuv\/2023\/03\/davor-mihajlovic2-300x300.jpg 300w, https:\/\/www.boezbergergmbh.ch\/theewhuv\/2023\/03\/davor-mihajlovic2-150x150.jpg 150w, https:\/\/www.boezbergergmbh.ch\/theewhuv\/2023\/03\/davor-mihajlovic2-12x12.jpg 12w\" sizes=\"auto, (max-width: 1000px) 100vw, 1000px\" \/><\/div><\/div><div class=\"w-vwrapper align_left valign_middle\" style=\"--vwrapper-gap:0rem\"><div class=\"w-text us_custom_b7b407d9\"><span class=\"w-text-h\"><span class=\"w-text-value\">SAVETNIK ZA OSIGURANJE<\/span><\/span><\/div><h4 class=\"w-text us_custom_1f257949\"><span class=\"w-text-h\"><span class=\"w-text-value\">Davor Mihajlovic<\/span><\/span><\/h4><\/div><\/div><\/div><\/div><div class=\"wpb_column vc_column_container\"><div class=\"vc_column-inner\"><h2 class=\"w-text us_custom_e218eef5 title-to has_text_color\"><span class=\"w-text-h\"><span class=\"w-text-value\">Jednostavno re\u0161enje za komplikovana pitanja<\/span><\/span><\/h2><\/div><\/div><\/div><\/div><\/section><section class=\"l-section wpb_row height_auto width_full\"><div class=\"l-section-h i-cf\"><div class=\"g-cols vc_row via_grid cols_2-1 laptops-cols_inherit tablets-cols_1 mobiles-cols_1 valign_top type_default stacking_default\" style=\"--columns-gap:0rem;\"><div class=\"wpb_column vc_column_container us_custom_66385c1b\"><div class=\"vc_column-inner\"><div class=\"w-separator size_large\"><\/div><h2 class=\"w-text\"><span class=\"w-text-h\"><span class=\"w-text-value\">O nama<\/span><\/span><\/h2><div class=\"g-cols wpb_row via_grid cols_2-1 laptops-cols_inherit tablets-cols_inherit mobiles-cols_1 valign_middle type_default stacking_default\" style=\"--columns-gap:3rem;\"><div class=\"wpb_column vc_column_container\"><div class=\"vc_column-inner\"><div class=\"w-image us_custom_3b26f501 has_ratio align_none\"><div class=\"w-image-h\"><div style=\"padding-bottom:100%\"><\/div><img decoding=\"async\" width=\"800\" height=\"558\" src=\"https:\/\/www.boezbergergmbh.ch\/theewhuv\/2023\/02\/home03.jpg\" class=\"attachment-large size-large\" alt=\"\" loading=\"lazy\" \/><\/div><\/div><\/div><\/div><div class=\"wpb_column vc_column_container\"><div class=\"vc_column-inner\"><div class=\"wpb_text_column\"><div class=\"wpb_wrapper\"><p>Kao broker u osiguranju, na\u0161 cilj broj jedan je da prona\u0111emo najbolje opcije osiguranja za na\u0161e klijente koje odgovaraju njihovim potrebama i bud\u017eetu. Radimo sa mnogo razli\u010ditih osiguravajuc\u0301ih kompanija kako bismo prona\u0161li najprikladnije pokric\u0301e i najbolje stope za na\u0161e klijente.<\/p>\n<\/div><\/div><div class=\"w-separator size_medium\"><\/div><div class=\"w-btn-wrapper align_none\"><a class=\"w-btn us-btn-style_1\" title=\"\u00dcber uns\" href=\"https:\/\/www.boezbergergmbh.ch\/sr\/uber-uns\/\"><span class=\"w-btn-label\">Op\u0161irnije<\/span><\/a><\/div><\/div><\/div><\/div><div class=\"w-separator size_large\"><\/div><\/div><\/div><div class=\"wpb_column vc_column_container us_custom_fa68b039 hide_on_tablets hide_on_mobiles has_bg_color\"><div class=\"vc_column-inner\"><\/div><\/div><\/div><\/div><\/section><section class=\"l-section wpb_row height_auto width_full\"><div class=\"l-section-overlay\" style=\"background:var(--color-content-border)\"><\/div><div class=\"l-section-h i-cf\"><div class=\"g-cols vc_row via_grid cols_1-5 laptops-cols_inherit tablets-cols_inherit mobiles-cols_1 valign_middle type_default stacking_default\"><div class=\"wpb_column vc_column_container\" id=\"partners\"><div class=\"vc_column-inner\"><div class=\"w-separator size_large\"><\/div><h2 class=\"w-text\"><span class=\"w-text-h\"><span class=\"w-text-value\">Na\u0161i partneri<\/span><\/span><\/h2><div class=\"w-separator size_large\"><\/div><\/div><\/div><div class=\"wpb_column vc_column_container us_custom_32e5f36f\" id=\"partners-logos\"><div class=\"vc_column-inner\"><div class=\"g-cols wpb_row us_custom_1fa4467a via_grid cols_4 laptops-cols_inherit tablets-cols_inherit mobiles-cols_2 valign_middle type_default stacking_default\" style=\"--columns-gap:2rem;\"><div class=\"wpb_column vc_column_container\"><div class=\"vc_column-inner\"><div class=\"w-image align_center\"><div class=\"w-image-h\"><img decoding=\"async\" width=\"685\" height=\"287\" src=\"https:\/\/www.boezbergergmbh.ch\/theewhuv\/2023\/02\/allianz.png\" class=\"attachment-large size-large\" alt=\"\" loading=\"lazy\" srcset=\"https:\/\/www.boezbergergmbh.ch\/theewhuv\/2023\/02\/allianz.png 685w, https:\/\/www.boezbergergmbh.ch\/theewhuv\/2023\/02\/allianz-300x126.png 300w, https:\/\/www.boezbergergmbh.ch\/theewhuv\/2023\/02\/allianz-18x8.png 18w\" sizes=\"auto, (max-width: 685px) 100vw, 685px\" \/><\/div><\/div><\/div><\/div><div class=\"wpb_column vc_column_container\"><div class=\"vc_column-inner\"><div class=\"w-image align_center\"><div class=\"w-image-h\"><img decoding=\"async\" width=\"685\" height=\"287\" src=\"https:\/\/www.boezbergergmbh.ch\/theewhuv\/2023\/02\/groupe-mutel.png\" class=\"attachment-large size-large\" alt=\"\" loading=\"lazy\" srcset=\"https:\/\/www.boezbergergmbh.ch\/theewhuv\/2023\/02\/groupe-mutel.png 685w, https:\/\/www.boezbergergmbh.ch\/theewhuv\/2023\/02\/groupe-mutel-300x126.png 300w, https:\/\/www.boezbergergmbh.ch\/theewhuv\/2023\/02\/groupe-mutel-18x8.png 18w\" sizes=\"auto, (max-width: 685px) 100vw, 685px\" \/><\/div><\/div><\/div><\/div><div class=\"wpb_column vc_column_container\"><div class=\"vc_column-inner\"><div class=\"w-image align_center\"><div class=\"w-image-h\"><img decoding=\"async\" width=\"685\" height=\"287\" src=\"https:\/\/www.boezbergergmbh.ch\/theewhuv\/2023\/02\/zurich.png\" class=\"attachment-large size-large\" alt=\"\" loading=\"lazy\" srcset=\"https:\/\/www.boezbergergmbh.ch\/theewhuv\/2023\/02\/zurich.png 685w, https:\/\/www.boezbergergmbh.ch\/theewhuv\/2023\/02\/zurich-300x126.png 300w, https:\/\/www.boezbergergmbh.ch\/theewhuv\/2023\/02\/zurich-18x8.png 18w\" sizes=\"auto, (max-width: 685px) 100vw, 685px\" \/><\/div><\/div><\/div><\/div><div class=\"wpb_column vc_column_container\"><div class=\"vc_column-inner\"><div class=\"w-image align_center\"><div class=\"w-image-h\"><img decoding=\"async\" width=\"685\" height=\"287\" src=\"https:\/\/www.boezbergergmbh.ch\/theewhuv\/2023\/02\/helsana.png\" class=\"attachment-large size-large\" alt=\"\" loading=\"lazy\" srcset=\"https:\/\/www.boezbergergmbh.ch\/theewhuv\/2023\/02\/helsana.png 685w, https:\/\/www.boezbergergmbh.ch\/theewhuv\/2023\/02\/helsana-300x126.png 300w, https:\/\/www.boezbergergmbh.ch\/theewhuv\/2023\/02\/helsana-18x8.png 18w\" sizes=\"auto, (max-width: 685px) 100vw, 685px\" \/><\/div><\/div><\/div><\/div><\/div><div class=\"w-separator hide_on_default hide_on_laptops size_custom\" style=\"height:100px\"><\/div><\/div><\/div><\/div><\/div><\/section><section class=\"l-section wpb_row height_auto width_full\"><div class=\"l-section-h i-cf\"><div class=\"g-cols vc_row via_grid cols_1 laptops-cols_inherit tablets-cols_inherit mobiles-cols_1 valign_top type_default stacking_default\"><div class=\"wpb_column vc_column_container\"><div class=\"vc_column-inner\"><section class=\"l-section wpb_row us_custom_e3ce1db0 height_large width_full color_footer-bottom\"><div class=\"l-section-h i-cf\"><div class=\"g-cols vc_row via_grid cols_1 laptops-cols_inherit tablets-cols_inherit mobiles-cols_1 valign_top type_default stacking_default\"><div class=\"wpb_column vc_column_container\"><div class=\"vc_column-inner\"><div class=\"g-cols wpb_row via_grid cols_3 laptops-cols_inherit tablets-cols_2 mobiles-cols_1 valign_top type_default stacking_default\" style=\"--columns-gap:3rem;\"><div class=\"wpb_column vc_column_container us_custom_925fc0fc\"><div class=\"vc_column-inner\"><h4 class=\"w-text\"><span class=\"w-text-h\"><span class=\"w-text-value\">Adresa<\/span><\/span><\/h4><h6 class=\"w-text us_custom_1175ebe1 has_text_color\"><span class=\"w-text-h\"><span class=\"w-text-value\">Ursprung 82, 5225 B\u00f6zberg<\/span><\/span><\/h6><div class=\"wpb_text_column us_custom_134056e4\"><div class=\"wpb_wrapper\"><p>Radimo svaki dan<br \/>\nosim vikenda<br \/>\nPon-Pet von 9:00 \u2013 18:00<\/p>\n<\/div><\/div><\/div><\/div><div class=\"wpb_column vc_column_container us_custom_925fc0fc\"><div class=\"vc_column-inner\"><h4 class=\"w-text\"><span class=\"w-text-h\"><span class=\"w-text-value\">Telefon<\/span><\/span><\/h4><h6 class=\"w-text us_custom_1175ebe1 has_text_color\"><a href=\"tel:+41762407139\" class=\"w-text-h\"><span class=\"w-text-value\">076 240 71 39<\/span><\/a><\/h6><h6 class=\"w-text us_custom_1175ebe1 has_text_color\"><a href=\"tel:+41788832698\" class=\"w-text-h\"><span class=\"w-text-value\">078 883 26 98<\/span><\/a><\/h6><div class=\"wpb_text_column us_custom_134056e4\"><div class=\"wpb_wrapper\"><p>Pozovite nas danas i zaka\u017eite termin za konsultacije za va\u0161a porodi\u010dna, poslovna ili li\u010dna pitanja<\/p>\n<\/div><\/div><\/div><\/div><div class=\"wpb_column vc_column_container us_custom_925fc0fc\"><div class=\"vc_column-inner\"><h4 class=\"w-text\"><span class=\"w-text-h\"><span class=\"w-text-value\">E-mail<\/span><\/span><\/h4><h6 class=\"w-text us_custom_1175ebe1 has_text_color\"><a href=\"mailto:office@boezbergergmbh.ch\" class=\"w-text-h\"><span class=\"w-text-value\">office@boezbergergmbh.ch<\/span><\/a><\/h6><div class=\"wpb_text_column us_custom_134056e4\"><div class=\"wpb_wrapper\"><p>Pi\u0161ite nam ako imate dodatnih pitanja. Odgovoric\u0301emo vam u najkrac\u0301em moguc\u0301em roku.<\/p>\n<\/div><\/div><\/div><\/div><\/div><div class=\"w-separator size_medium with_line width_default thick_1 style_solid color_border align_center\"><div class=\"w-separator-h\"><\/div><\/div><div class=\"g-cols wpb_row via_grid cols_2 laptops-cols_inherit tablets-cols_inherit mobiles-cols_1 valign_top type_default reversed stacking_default\" style=\"--columns-gap:3rem;\"><div class=\"wpb_column vc_column_container\"><div class=\"vc_column-inner\"><div class=\"wpb_text_column us_custom_5473b7bc\"><div class=\"wpb_wrapper\"><p>\u00a9 B\u00f6zberger VBM GmbH &#8211; by <a href=\"https:\/\/www.digitella.ch\/de\" target=\"_blank\" rel=\"noopener\">Digitella<\/a><\/p>\n<\/div><\/div><\/div><\/div><div class=\"wpb_column vc_column_container\"><div class=\"vc_column-inner\"><nav class=\"w-menu us_custom_785f9f13 has_text_color layout_hor style_links has_text_align_on_mobiles us_menu_1\" style=\"--main-gap:1.5em;--main-ver-indent:0.8em;--main-hor-indent:0.8em;--main-color:inherit;\"><ul id=\"menu-menu-1\" class=\"menu\"><li id=\"menu-item-370\" class=\"menu-item menu-item-type-post_type menu-item-object-page menu-item-home menu-item-370\"><a href=\"https:\/\/www.boezbergergmbh.ch\/sr\/\">Home<\/a><\/li><li id=\"menu-item-261\" class=\"menu-item menu-item-type-post_type menu-item-object-page menu-item-261\"><a href=\"https:\/\/www.boezbergergmbh.ch\/sr\/dienstleistungen\/\">Usluge<\/a><\/li><li id=\"menu-item-259\" class=\"menu-item menu-item-type-post_type menu-item-object-page menu-item-259\"><a href=\"https:\/\/www.boezbergergmbh.ch\/sr\/uber-uns\/\">O nama<\/a><\/li><li id=\"menu-item-262\" class=\"menu-item menu-item-type-post_type menu-item-object-page menu-item-262\"><a href=\"https:\/\/www.boezbergergmbh.ch\/sr\/team\/\">Team<\/a><\/li><li id=\"menu-item-260\" class=\"menu-item menu-item-type-post_type menu-item-object-page menu-item-260\"><a href=\"https:\/\/www.boezbergergmbh.ch\/sr\/kontakt\/\">Kontakt<\/a><\/li><\/ul><style>@media ( max-width:600px ){.us_menu_1 .menu{display:block!important}.us_menu_1 .menu>li:not(:last-child){margin:0 0 var(--main-gap,1.5em)!important}}<\/style><\/nav><\/div><\/div><\/div><\/div><\/div><\/div><\/div><\/section>\n<\/div><\/div><\/div><\/div><\/section>\n","protected":false},"excerpt":{"rendered":"B\u00f6zberger VBM GmbHVa\u0161 li\u010dni partner za osiguranje34'00028'000optimizovanih osiguranja5'0001'000godi\u0161nja \u0161tednja181godina sa vamaZdravstvena osiguranjaAuto osiguranje\u017divotno osiguranjeDodatno osiguranjeZdravstvena osiguranjaU Svajcarskoj je zdravstveno osiguranje obavezno i svaki stanovnik Svajcarske mora imati zdravstveno osiguranje. Kao vasa kontakt osoba za osiguranja mogu vam pomoci da izaberete odgovarajuce zdravstveno osiguranje,to ukljucuje savjete o razlicitim uslugama,tarifama,uslovima, odredbama ugovora i stojim klijentima na raspolaganju...","protected":false},"author":1,"featured_media":0,"parent":0,"menu_order":0,"comment_status":"closed","ping_status":"closed","template":"","meta":{"_acf_changed":false,"footnotes":""},"class_list":["post-360","page","type-page","status-publish","hentry"],"acf":[],"_links":{"self":[{"href":"https:\/\/www.boezbergergmbh.ch\/sr\/wp-json\/wp\/v2\/pages\/360","targetHints":{"allow":["GET"]}}],"collection":[{"href":"https:\/\/www.boezbergergmbh.ch\/sr\/wp-json\/wp\/v2\/pages"}],"about":[{"href":"https:\/\/www.boezbergergmbh.ch\/sr\/wp-json\/wp\/v2\/types\/page"}],"author":[{"embeddable":true,"href":"https:\/\/www.boezbergergmbh.ch\/sr\/wp-json\/wp\/v2\/users\/1"}],"replies":[{"embeddable":true,"href":"https:\/\/www.boezbergergmbh.ch\/sr\/wp-json\/wp\/v2\/comments?post=360"}],"version-history":[{"count":50,"href":"https:\/\/www.boezbergergmbh.ch\/sr\/wp-json\/wp\/v2\/pages\/360\/revisions"}],"predecessor-version":[{"id":584,"href":"https:\/\/www.boezbergergmbh.ch\/sr\/wp-json\/wp\/v2\/pages\/360\/revisions\/584"}],"wp:attachment":[{"href":"https:\/\/www.boezbergergmbh.ch\/sr\/wp-json\/wp\/v2\/media?parent=360"}],"curies":[{"name":"wp","href":"https:\/\/api.w.org\/{rel}","templated":true}]}}