{"id":116,"date":"2022-04-30T20:22:53","date_gmt":"2022-04-30T18:22:53","guid":{"rendered":"https:\/\/impreza48.us-themes.com\/?page_id=116"},"modified":"2024-04-09T12:47:20","modified_gmt":"2024-04-09T10:47:20","slug":"uber-uns","status":"publish","type":"page","link":"https:\/\/www.boezbergergmbh.ch\/sr\/uber-uns\/","title":{"rendered":"O nama"},"content":{"rendered":"<section class=\"l-section wpb_row height_large\"><div class=\"l-section-h i-cf\"><div class=\"g-cols vc_row via_grid cols_1 laptops-cols_inherit tablets-cols_inherit mobiles-cols_1 valign_top type_default stacking_default\"><div class=\"wpb_column vc_column_container\"><div class=\"vc_column-inner\"><h1 class=\"w-post-elm post_title align_center entry-title color_link_inherit\">O nama<\/h1><\/div><\/div><\/div><\/div><\/section><section class=\"l-section wpb_row us_custom_887a049b height_medium\"><div class=\"l-section-h i-cf\"><div class=\"g-cols vc_row via_grid cols_1-2 laptops-cols_inherit tablets-cols_1 mobiles-cols_1 valign_middle type_default stacking_default\"><div class=\"wpb_column vc_column_container\"><div class=\"vc_column-inner\"><h2 class=\"w-text us_custom_27ba56d4\"><span class=\"w-text-h\"><span class=\"w-text-value\">Va\u0161 li\u010dni partner za osiguranje<\/span><\/span><\/h2><div class=\"wpb_text_column\"><div class=\"wpb_wrapper\"><p>Kao broker u osiguranju, na\u0161 cilj broj jedan je da prona\u0111emo najbolje opcije osiguranja za na\u0161e klijente koje odgovaraju njihovim potrebama i bud\u017eetu. Radimo sa mnogo razli\u010ditih osiguravajuc\u0301ih kompanija kako bismo prona\u0161li najprikladnije pokric\u0301e i najbolje stope za na\u0161e klijente.<\/p>\n<p>Uvek smo tu da pomognemo na\u0161im klijentima u slu\u010daju reklamacije ili problema i radimo sa njima kako bismo osigurali da se njihovi zahtevi re\u0161avaju efikasno i pravi\u010dno.<\/p>\n<\/div><\/div><\/div><\/div><div class=\"wpb_column vc_column_container\"><div class=\"vc_column-inner\"><div class=\"w-image us_custom_3b26f501 has_ratio align_none\"><div class=\"w-image-h\"><div style=\"padding-bottom:66.6667%\"><\/div><img decoding=\"async\" width=\"1024\" height=\"690\" src=\"https:\/\/www.boezbergergmbh.ch\/theewhuv\/2023\/02\/pexels-mikhail-nilov-7731330-1024x690.jpg\" class=\"attachment-large size-large\" alt=\"\" loading=\"lazy\" \/><\/div><\/div><\/div><\/div><\/div><\/div><\/section><section class=\"l-section wpb_row height_medium\"><div class=\"l-section-h i-cf\"><div class=\"g-cols vc_row via_grid cols_2-3 laptops-cols_inherit tablets-cols_1 mobiles-cols_1 valign_middle type_default stacking_default\"><div class=\"wpb_column vc_column_container\"><div class=\"vc_column-inner\"><div class=\"w-image us_custom_3b26f501 has_ratio align_none\"><div class=\"w-image-h\"><div style=\"padding-bottom:133.3333%\"><\/div><img decoding=\"async\" width=\"683\" height=\"1024\" src=\"https:\/\/www.boezbergergmbh.ch\/theewhuv\/2023\/02\/pexels-mikhail-nilov-8296981-683x1024.jpg\" class=\"attachment-large size-large\" alt=\"\" loading=\"lazy\" \/><\/div><\/div><\/div><\/div><div class=\"wpb_column vc_column_container\"><div class=\"vc_column-inner\"><h2 class=\"w-text\"><span class=\"w-text-h\"><span class=\"w-text-value\">Mi vam poma\u017eemo<\/span><\/span><\/h2><div class=\"wpb_text_column\"><div class=\"wpb_wrapper\"><p>Na\u0161 posao je tako\u0111e da pomognemo na\u0161im klijentima da razumeju razli\u010dite vrste osiguranja na raspolaganju, pokric\u0301a i isklju\u010denja i da im pru\u017eimo uporednu analizu kako bi mogli da donesu informisan izbor.<\/p>\n<\/div><\/div><div class=\"w-separator size_medium\"><\/div><div class=\"w-counter us_custom_bd4fa60d color_primary align_left animation_none has_font_size\" data-duration=\"2\" style=\"--w-counter-duration: 2s;\"><div class=\"w-counter-value\" aria-label=\"CHF 925'000\"><span class=\"w-counter-value-part final\" aria-hidden=\"true\">CHF 925'000<\/span><span class=\"w-counter-value-part hidden type_text\" aria-hidden=\"true\" data-final=\"CHF \">CHF <\/span><span class=\"w-counter-value-part hidden type_number\" aria-hidden=\"true\" data-final=\"925&#039;000\">0<\/span><span class=\"w-counter-value-part hidden type_text\" aria-hidden=\"true\" data-final><\/span><\/div><h6 class=\"w-counter-title\">Optimizovano osiguranje<\/h6><\/div><div class=\"w-separator size_small\"><\/div><div class=\"w-counter us_custom_bd4fa60d color_primary align_left animation_none has_font_size\" data-duration=\"2\" style=\"--w-counter-duration: 2s;\"><div class=\"w-counter-value\" aria-label=\"CHF 5'000\"><span class=\"w-counter-value-part final\" aria-hidden=\"true\">CHF 5'000<\/span><span class=\"w-counter-value-part hidden type_text\" aria-hidden=\"true\" data-final=\"CHF \">CHF <\/span><span class=\"w-counter-value-part hidden type_number\" aria-hidden=\"true\" data-final=\"5&#039;000\">0<\/span><span class=\"w-counter-value-part hidden type_text\" aria-hidden=\"true\" data-final><\/span><\/div><h6 class=\"w-counter-title\">prose\u010dna u\u0161teda godi\u0161nje<\/h6><\/div><\/div><\/div><\/div><\/div><\/section><section class=\"l-section wpb_row height_medium\"><div class=\"l-section-h i-cf\"><div class=\"g-cols vc_row via_grid cols_1 laptops-cols_inherit tablets-cols_inherit mobiles-cols_1 valign_top type_default stacking_default\"><div class=\"wpb_column vc_column_container us_custom_f18e90ad has_bg_color\"><div class=\"vc_column-inner\"><div class=\"w-text us_custom_3f70380e\"><span class=\"w-text-h\"><span class=\"w-text-value\">GDE GOD DA STE<\/span><\/span><\/div><div class=\"w-separator size_small\"><\/div><h2 class=\"w-text us_custom_6745946f title-to has_text_color\"><span class=\"w-text-h\"><span class=\"w-text-value\">Tu smo da nabavimo i pregovaramo sa osiguravajuc\u0301im dru\u0161tvima kako bismo vam ponudili najpovoljnije ugovore po najboljoj ceni.<\/span><\/span><\/h2><\/div><\/div><\/div><\/div><\/section><section class=\"l-section wpb_row height_medium\"><div class=\"l-section-h i-cf\"><div class=\"g-cols vc_row via_grid cols_1 laptops-cols_inherit tablets-cols_inherit mobiles-cols_1 valign_top type_default stacking_default\"><div class=\"wpb_column vc_column_container\"><div class=\"vc_column-inner\"><\/div><\/div><\/div><\/div><\/section><section class=\"l-section wpb_row height_medium\"><div class=\"l-section-h i-cf\"><div class=\"g-cols vc_row via_grid cols_1-2 laptops-cols_inherit tablets-cols_inherit mobiles-cols_1 valign_top type_default stacking_default\"><div class=\"wpb_column vc_column_container\"><div class=\"vc_column-inner\"><h2 class=\"w-text us_custom_703b2333\"><span class=\"w-text-h\"><span class=\"w-text-value\">Na\u0161 cilj<\/span><\/span><\/h2><\/div><\/div><div class=\"wpb_column vc_column_container\"><div class=\"vc_column-inner\"><div class=\"wpb_text_column\"><div class=\"wpb_wrapper\"><p>B\u00f6zberger VBM GmbH je Firma sa dugogodisnjim iskustvom u podrucju osiguranja. 2008 godine smo zapoceli sa nasim radom,za to vreme sakupili puno iskustva i sklopili mnoga prijateljstva sa nasim klijentima koji se sa puno poverenja nama obracaju.<\/p>\n<p>Na vas upit smo vrlo rado spremi da vas posetimo sirom Svajcarske i pruzili vam najbolje moguce savete da bi ste vi mogli za vas izabrati odgovarajuce osiguranje.<\/p>\n<\/div><\/div><div class=\"w-separator size_custom\" style=\"height:80px\"><\/div><\/div><\/div><\/div><\/div><\/section><section class=\"l-section wpb_row height_auto width_full\"><div class=\"l-section-h i-cf\"><div class=\"g-cols vc_row via_grid cols_1 laptops-cols_inherit tablets-cols_inherit mobiles-cols_1 valign_top type_default stacking_default\"><div class=\"wpb_column vc_column_container\"><div class=\"vc_column-inner\"><section class=\"l-section wpb_row us_custom_e3ce1db0 height_large width_full color_footer-bottom\"><div class=\"l-section-h i-cf\"><div class=\"g-cols vc_row via_grid cols_1 laptops-cols_inherit tablets-cols_inherit mobiles-cols_1 valign_top type_default stacking_default\"><div class=\"wpb_column vc_column_container\"><div class=\"vc_column-inner\"><div class=\"g-cols wpb_row via_grid cols_3 laptops-cols_inherit tablets-cols_2 mobiles-cols_1 valign_top type_default stacking_default\" style=\"--columns-gap:3rem;\"><div class=\"wpb_column vc_column_container us_custom_925fc0fc\"><div class=\"vc_column-inner\"><h4 class=\"w-text\"><span class=\"w-text-h\"><span class=\"w-text-value\">Adresa<\/span><\/span><\/h4><h6 class=\"w-text us_custom_1175ebe1 has_text_color\"><span class=\"w-text-h\"><span class=\"w-text-value\">Ursprung 82, 5225 B\u00f6zberg<\/span><\/span><\/h6><div class=\"wpb_text_column us_custom_134056e4\"><div class=\"wpb_wrapper\"><p>Radimo svaki dan<br \/>\nosim vikenda<br \/>\nPon-Pet von 9:00 \u2013 18:00<\/p>\n<\/div><\/div><\/div><\/div><div class=\"wpb_column vc_column_container us_custom_925fc0fc\"><div class=\"vc_column-inner\"><h4 class=\"w-text\"><span class=\"w-text-h\"><span class=\"w-text-value\">Telefon<\/span><\/span><\/h4><h6 class=\"w-text us_custom_1175ebe1 has_text_color\"><a href=\"tel:+41762407139\" class=\"w-text-h\"><span class=\"w-text-value\">076 240 71 39<\/span><\/a><\/h6><h6 class=\"w-text us_custom_1175ebe1 has_text_color\"><a href=\"tel:+41788832698\" class=\"w-text-h\"><span class=\"w-text-value\">078 883 26 98<\/span><\/a><\/h6><div class=\"wpb_text_column us_custom_134056e4\"><div class=\"wpb_wrapper\"><p>Pozovite nas danas i zaka\u017eite termin za konsultacije za va\u0161a porodi\u010dna, poslovna ili li\u010dna pitanja<\/p>\n<\/div><\/div><\/div><\/div><div class=\"wpb_column vc_column_container us_custom_925fc0fc\"><div class=\"vc_column-inner\"><h4 class=\"w-text\"><span class=\"w-text-h\"><span class=\"w-text-value\">E-mail<\/span><\/span><\/h4><h6 class=\"w-text us_custom_1175ebe1 has_text_color\"><a href=\"mailto:office@boezbergergmbh.ch\" class=\"w-text-h\"><span class=\"w-text-value\">office@boezbergergmbh.ch<\/span><\/a><\/h6><div class=\"wpb_text_column us_custom_134056e4\"><div class=\"wpb_wrapper\"><p>Pi\u0161ite nam ako imate dodatnih pitanja. Odgovoric\u0301emo vam u najkrac\u0301em moguc\u0301em roku.<\/p>\n<\/div><\/div><\/div><\/div><\/div><div class=\"w-separator size_medium with_line width_default thick_1 style_solid color_border align_center\"><div class=\"w-separator-h\"><\/div><\/div><div class=\"g-cols wpb_row via_grid cols_2 laptops-cols_inherit tablets-cols_inherit mobiles-cols_1 valign_top type_default reversed stacking_default\" style=\"--columns-gap:3rem;\"><div class=\"wpb_column vc_column_container\"><div class=\"vc_column-inner\"><div class=\"wpb_text_column us_custom_5473b7bc\"><div class=\"wpb_wrapper\"><p>\u00a9 B\u00f6zberger VBM GmbH &#8211; by <a href=\"https:\/\/www.digitella.ch\/de\" target=\"_blank\" rel=\"noopener\">Digitella<\/a><\/p>\n<\/div><\/div><\/div><\/div><div class=\"wpb_column vc_column_container\"><div class=\"vc_column-inner\"><nav class=\"w-menu us_custom_785f9f13 has_text_color layout_hor style_links has_text_align_on_mobiles us_menu_1\" style=\"--main-gap:1.5em;--main-ver-indent:0.8em;--main-hor-indent:0.8em;--main-color:inherit;\"><ul id=\"menu-menu-1\" class=\"menu\"><li id=\"menu-item-370\" class=\"menu-item menu-item-type-post_type menu-item-object-page menu-item-home menu-item-370\"><a href=\"https:\/\/www.boezbergergmbh.ch\/sr\/\">Home<\/a><\/li><li id=\"menu-item-261\" class=\"menu-item menu-item-type-post_type menu-item-object-page menu-item-261\"><a href=\"https:\/\/www.boezbergergmbh.ch\/sr\/dienstleistungen\/\">Usluge<\/a><\/li><li id=\"menu-item-259\" class=\"menu-item menu-item-type-post_type menu-item-object-page menu-item-259\"><a href=\"https:\/\/www.boezbergergmbh.ch\/sr\/uber-uns\/\">O nama<\/a><\/li><li id=\"menu-item-262\" class=\"menu-item menu-item-type-post_type menu-item-object-page menu-item-262\"><a href=\"https:\/\/www.boezbergergmbh.ch\/sr\/team\/\">Team<\/a><\/li><li id=\"menu-item-260\" class=\"menu-item menu-item-type-post_type menu-item-object-page menu-item-260\"><a href=\"https:\/\/www.boezbergergmbh.ch\/sr\/kontakt\/\">Kontakt<\/a><\/li><\/ul><style>@media ( max-width:600px ){.us_menu_1 .menu{display:block!important}.us_menu_1 .menu>li:not(:last-child){margin:0 0 var(--main-gap,1.5em)!important}}<\/style><\/nav><\/div><\/div><\/div><\/div><\/div><\/div><\/div><\/section>\n<\/div><\/div><\/div><\/div><\/section>\n","protected":false},"excerpt":{"rendered":"O namaVa\u0161 li\u010dni partner za osiguranjeKao broker u osiguranju, na\u0161 cilj broj jedan je da prona\u0111emo najbolje opcije osiguranja za na\u0161e klijente koje odgovaraju njihovim potrebama i bud\u017eetu. Radimo sa mnogo razli\u010ditih osiguravajuc\u0301ih kompanija kako bismo prona\u0161li najprikladnije pokric\u0301e i najbolje stope za na\u0161e klijente. Uvek smo tu da pomognemo na\u0161im klijentima u slu\u010daju reklamacije...","protected":false},"author":1,"featured_media":0,"parent":0,"menu_order":0,"comment_status":"closed","ping_status":"closed","template":"","meta":{"_acf_changed":false,"footnotes":""},"class_list":["post-116","page","type-page","status-publish","hentry"],"acf":[],"_links":{"self":[{"href":"https:\/\/www.boezbergergmbh.ch\/sr\/wp-json\/wp\/v2\/pages\/116","targetHints":{"allow":["GET"]}}],"collection":[{"href":"https:\/\/www.boezbergergmbh.ch\/sr\/wp-json\/wp\/v2\/pages"}],"about":[{"href":"https:\/\/www.boezbergergmbh.ch\/sr\/wp-json\/wp\/v2\/types\/page"}],"author":[{"embeddable":true,"href":"https:\/\/www.boezbergergmbh.ch\/sr\/wp-json\/wp\/v2\/users\/1"}],"replies":[{"embeddable":true,"href":"https:\/\/www.boezbergergmbh.ch\/sr\/wp-json\/wp\/v2\/comments?post=116"}],"version-history":[{"count":14,"href":"https:\/\/www.boezbergergmbh.ch\/sr\/wp-json\/wp\/v2\/pages\/116\/revisions"}],"predecessor-version":[{"id":566,"href":"https:\/\/www.boezbergergmbh.ch\/sr\/wp-json\/wp\/v2\/pages\/116\/revisions\/566"}],"wp:attachment":[{"href":"https:\/\/www.boezbergergmbh.ch\/sr\/wp-json\/wp\/v2\/media?parent=116"}],"curies":[{"name":"wp","href":"https:\/\/api.w.org\/{rel}","templated":true}]}}